{"id":28,"date":"2014-07-16T12:39:17","date_gmt":"2014-07-16T10:39:17","guid":{"rendered":"http:\/\/bogielczyk.sight.com.pl\/?page_id=28"},"modified":"2026-04-10T11:26:26","modified_gmt":"2026-04-10T09:26:26","slug":"home","status":"publish","type":"page","link":"https:\/\/bogielczykstomatologia.pl\/","title":{"rendered":""},"content":{"rendered":"<div class=\"wp-block-image wp-block-image aligncenter is-style-rounded\">\n<figure ><a href=\"https:\/\/booking.setmore.com\/scheduleappointment\/d1023405e9c9daf3e57e5f6c8e2fc70261ef0c2a\" target=\"_blank\" rel=\"noopener\"><img decoding=\"async\" src=\"https:\/\/bogielczykstomatologia.pl\/wp-content\/uploads\/2017\/06\/1458505244522.jpg\" alt=\"Book an appointment with Bogielczyk Stomatologia Indywidualna Praktyka Stomatologiczna using Setmore\"\/><\/a><\/figure>\n<\/div>\n\n\n<p><\/p>\n\n\n\n<h1 class=\"wp-block-heading alignwide has-text-align-center\"><strong>Pe\u0142en profesjonalizm, absolutny komfort<\/strong><\/h1>\n\n\n\n<h2 class=\"wp-block-heading\">&nbsp;&nbsp;&nbsp;<\/h2>\n\n\n\n<p class=\"has-text-align-center\">Pacjent jest dla nas najwa\u017cniejszy. Dlatego nasz\u0105 ofert\u0119 dostosowali\u015bmy do potrzeb naszych klient\u00f3w.<\/p>\n\n\n\n<h2 class=\"wp-block-heading has-text-align-center\">&nbsp;<\/h2>\n\n\n\n<h6 class=\"wp-block-heading\">&nbsp;<\/h6>\n","protected":false},"excerpt":{"rendered":"<p>Pe\u0142en profesjonalizm, absolutny komfort &nbsp;&nbsp;&nbsp; Pacjent jest dla nas najwa\u017cniejszy. Dlatego nasz\u0105 ofert\u0119 dostosowali\u015bmy do potrzeb naszych klient\u00f3w. &nbsp; &nbsp;<\/p>\n","protected":false},"author":2,"featured_media":247,"parent":0,"menu_order":0,"comment_status":"closed","ping_status":"open","template":"","meta":{"footnotes":""},"class_list":["post-28","page","type-page","status-publish","has-post-thumbnail","hentry"],"_links":{"self":[{"href":"https:\/\/bogielczykstomatologia.pl\/index.php?rest_route=\/wp\/v2\/pages\/28","targetHints":{"allow":["GET"]}}],"collection":[{"href":"https:\/\/bogielczykstomatologia.pl\/index.php?rest_route=\/wp\/v2\/pages"}],"about":[{"href":"https:\/\/bogielczykstomatologia.pl\/index.php?rest_route=\/wp\/v2\/types\/page"}],"author":[{"embeddable":true,"href":"https:\/\/bogielczykstomatologia.pl\/index.php?rest_route=\/wp\/v2\/users\/2"}],"replies":[{"embeddable":true,"href":"https:\/\/bogielczykstomatologia.pl\/index.php?rest_route=%2Fwp%2Fv2%2Fcomments&post=28"}],"version-history":[{"count":78,"href":"https:\/\/bogielczykstomatologia.pl\/index.php?rest_route=\/wp\/v2\/pages\/28\/revisions"}],"predecessor-version":[{"id":29113,"href":"https:\/\/bogielczykstomatologia.pl\/index.php?rest_route=\/wp\/v2\/pages\/28\/revisions\/29113"}],"wp:featuredmedia":[{"embeddable":true,"href":"https:\/\/bogielczykstomatologia.pl\/index.php?rest_route=\/wp\/v2\/media\/247"}],"wp:attachment":[{"href":"https:\/\/bogielczykstomatologia.pl\/index.php?rest_route=%2Fwp%2Fv2%2Fmedia&parent=28"}],"curies":[{"name":"wp","href":"https:\/\/api.w.org\/{rel}","templated":true}]}}