{"id":63,"date":"2014-07-17T12:57:59","date_gmt":"2014-07-17T10:57:59","guid":{"rendered":"http:\/\/bogielczyk.sight.com.pl\/?page_id=63"},"modified":"2026-03-12T11:37:53","modified_gmt":"2026-03-12T10:37:53","slug":"chirurgia-stomatologiczna","status":"publish","type":"page","link":"https:\/\/bogielczykstomatologia.pl\/?page_id=63","title":{"rendered":"Chirurgia stomatologiczna"},"content":{"rendered":"\n<p class=\"has-text-align-center\">Chirurgia stomatologiczna to dziedzina medycyny zajmuj\u0105ca si\u0119 leczeniem operacyjnym jamy ustnej i okolic przyleg\u0142ych. Poprzez zastosowanie znieczulenia wszystkie zabiegi s\u0105 bezbolesne. Z szerokiej gamy zabieg\u00f3w najcz\u0119\u015bciej wykonywanymi s\u0105 usuni\u0119cia z\u0119b\u00f3w m\u0105dro\u015bci oraz z\u0119b\u00f3w zatrzymanych w ko\u015bci. Wykonujemy r\u00f3wnie\u017c resekcje wierzcho\u0142k\u00f3w z\u0119b\u00f3w, hemisekcje oraz naci\u0119cie ropni oko\u0142oz\u0119bowych. Wykonujemy r\u00f3wnie\u017c liczne zabiegi z zakresu chirurgii periodontologicznej.<\/p>\n","protected":false},"excerpt":{"rendered":"<p>Chirurgia stomatologiczna to dziedzina medycyny zajmuj\u0105ca si\u0119 leczeniem operacyjnym jamy ustnej i okolic przyleg\u0142ych. Poprzez zastosowanie znieczulenia wszystkie zabiegi s\u0105 [&hellip;]<\/p>\n","protected":false},"author":2,"featured_media":0,"parent":9,"menu_order":0,"comment_status":"closed","ping_status":"open","template":"","meta":{"footnotes":""},"class_list":["post-63","page","type-page","status-publish","hentry"],"_links":{"self":[{"href":"https:\/\/bogielczykstomatologia.pl\/index.php?rest_route=\/wp\/v2\/pages\/63","targetHints":{"allow":["GET"]}}],"collection":[{"href":"https:\/\/bogielczykstomatologia.pl\/index.php?rest_route=\/wp\/v2\/pages"}],"about":[{"href":"https:\/\/bogielczykstomatologia.pl\/index.php?rest_route=\/wp\/v2\/types\/page"}],"author":[{"embeddable":true,"href":"https:\/\/bogielczykstomatologia.pl\/index.php?rest_route=\/wp\/v2\/users\/2"}],"replies":[{"embeddable":true,"href":"https:\/\/bogielczykstomatologia.pl\/index.php?rest_route=%2Fwp%2Fv2%2Fcomments&post=63"}],"version-history":[{"count":5,"href":"https:\/\/bogielczykstomatologia.pl\/index.php?rest_route=\/wp\/v2\/pages\/63\/revisions"}],"predecessor-version":[{"id":29033,"href":"https:\/\/bogielczykstomatologia.pl\/index.php?rest_route=\/wp\/v2\/pages\/63\/revisions\/29033"}],"up":[{"embeddable":true,"href":"https:\/\/bogielczykstomatologia.pl\/index.php?rest_route=\/wp\/v2\/pages\/9"}],"wp:attachment":[{"href":"https:\/\/bogielczykstomatologia.pl\/index.php?rest_route=%2Fwp%2Fv2%2Fmedia&parent=63"}],"curies":[{"name":"wp","href":"https:\/\/api.w.org\/{rel}","templated":true}]}}