{"id":67,"date":"2014-07-17T13:02:34","date_gmt":"2014-07-17T11:02:34","guid":{"rendered":"http:\/\/bogielczyk.sight.com.pl\/?page_id=67"},"modified":"2026-03-12T11:37:53","modified_gmt":"2026-03-12T10:37:53","slug":"endodoncja","status":"publish","type":"page","link":"https:\/\/bogielczykstomatologia.pl\/?page_id=67","title":{"rendered":"Endodoncja"},"content":{"rendered":"<p style=\"text-align: justify;\">Inaczej &#8211; leczenie kana\u0142owe, leczenie przewodowe &#8211; polega na usuni\u0119ciu zaka\u017conej miazgi z\u0119bowej z komory i kana\u0142\u00f3w z\u0119bowych, dok\u0142adnym oczyszczeniu i odka\u017ceniu kana\u0142\u00f3w z\u0119bowych a nast\u0119pnie na szczelnym ich wype\u0142nieniu. W naszej praktyce pos\u0142ugujemy si\u0119 najnowszym sprz\u0119tem tj. mikroskop endodontyczny, endometr elektroniczny czy mikrosilnik do mechanicznego opracowywania kana\u0142\u00f3w . Urz\u0105dzenia te maj\u0105 na celu pom\u00f3c lekarzowi w sprawny i skuteczny spos\u00f3b przeprowadzi\u0107 leczenie kana\u0142owe.<\/p>\n","protected":false},"excerpt":{"rendered":"<p>Inaczej &#8211; leczenie kana\u0142owe, leczenie przewodowe &#8211; polega na usuni\u0119ciu zaka\u017conej miazgi z\u0119bowej z komory i kana\u0142\u00f3w z\u0119bowych, dok\u0142adnym oczyszczeniu [&hellip;]<\/p>\n","protected":false},"author":2,"featured_media":0,"parent":9,"menu_order":0,"comment_status":"closed","ping_status":"open","template":"","meta":{"footnotes":""},"class_list":["post-67","page","type-page","status-publish","hentry"],"_links":{"self":[{"href":"https:\/\/bogielczykstomatologia.pl\/index.php?rest_route=\/wp\/v2\/pages\/67","targetHints":{"allow":["GET"]}}],"collection":[{"href":"https:\/\/bogielczykstomatologia.pl\/index.php?rest_route=\/wp\/v2\/pages"}],"about":[{"href":"https:\/\/bogielczykstomatologia.pl\/index.php?rest_route=\/wp\/v2\/types\/page"}],"author":[{"embeddable":true,"href":"https:\/\/bogielczykstomatologia.pl\/index.php?rest_route=\/wp\/v2\/users\/2"}],"replies":[{"embeddable":true,"href":"https:\/\/bogielczykstomatologia.pl\/index.php?rest_route=%2Fwp%2Fv2%2Fcomments&post=67"}],"version-history":[{"count":3,"href":"https:\/\/bogielczykstomatologia.pl\/index.php?rest_route=\/wp\/v2\/pages\/67\/revisions"}],"predecessor-version":[{"id":200,"href":"https:\/\/bogielczykstomatologia.pl\/index.php?rest_route=\/wp\/v2\/pages\/67\/revisions\/200"}],"up":[{"embeddable":true,"href":"https:\/\/bogielczykstomatologia.pl\/index.php?rest_route=\/wp\/v2\/pages\/9"}],"wp:attachment":[{"href":"https:\/\/bogielczykstomatologia.pl\/index.php?rest_route=%2Fwp%2Fv2%2Fmedia&parent=67"}],"curies":[{"name":"wp","href":"https:\/\/api.w.org\/{rel}","templated":true}]}}