{"id":75,"date":"2014-07-17T15:26:30","date_gmt":"2014-07-17T13:26:30","guid":{"rendered":"http:\/\/bogielczyk.sight.com.pl\/?page_id=75"},"modified":"2026-03-12T11:37:53","modified_gmt":"2026-03-12T10:37:53","slug":"ortodoncja","status":"publish","type":"page","link":"https:\/\/bogielczykstomatologia.pl\/?page_id=75","title":{"rendered":"Ortodoncja"},"content":{"rendered":"<h3 style=\"text-align: center;\"><strong><em>Pi\u0119kny u\u015bmiech jest marzeniem\u00a0ka\u017cdego z nas<\/em><\/strong><em>.<\/em><\/h3>\n<p><a href=\"https:\/\/bogielczykstomatologia.pl\/wp-content\/uploads\/2014\/07\/clear_aligner.jpg\"><img fetchpriority=\"high\" decoding=\"async\" class=\"aligncenter wp-image-218 size-large\" src=\"https:\/\/bogielczykstomatologia.pl\/wp-content\/uploads\/2014\/07\/clear_aligner-1024x337.jpg\" alt=\"clear_aligner\" width=\"900\" height=\"296\" srcset=\"https:\/\/bogielczykstomatologia.pl\/wp-content\/uploads\/2014\/07\/clear_aligner-1024x337.jpg 1024w, https:\/\/bogielczykstomatologia.pl\/wp-content\/uploads\/2014\/07\/clear_aligner-300x98.jpg 300w, https:\/\/bogielczykstomatologia.pl\/wp-content\/uploads\/2014\/07\/clear_aligner.jpg 1149w\" sizes=\"(max-width: 900px) 100vw, 900px\" \/><\/a><\/p>\n<p style=\"text-align: center;\">NOWO\u015a\u0106<\/p>\n<p style=\"text-align: center;\"><a href=\"http:\/\/www.clearaligner.pl\/\" target=\"_blank\">http:\/\/www.clearaligner.pl\/<\/a><\/p>\n<p style=\"text-align: justify;\">Ortodoncja ma na celu przywr\u00f3cenie prawid\u0142owego zgryzu, czynno\u015bci mi\u0119\u015bni i staw\u00f3w w obr\u0119bie jamy ustnej oraz \u0142adnego u\u015bmiechu u pacjent\u00f3w zg\u0142aszaj\u0105cych si\u0119 do gabinetu.<\/p>\n<p style=\"text-align: justify;\">Dzi\u0119ki leczeniu ortodontycznemu wad zgryzu za pomoc\u0105 ruchomych i sta\u0142ych aparat\u00f3w ortodontycznych mo\u017cna mie\u0107 idealnie wygl\u0105daj\u0105ce z\u0119by- zdrowe i poprawnie ustawione w zgryzie, co z kolei wp\u0142ynie korzystnie na wygod\u0119 podczas spo\u017cywania posi\u0142k\u00f3w, popraw\u0119 wymowy a tak\u017ce zredukuje pr\u00f3chnic\u0119, spowodowan\u0105 z\u0142ym czyszczeniem z\u0119b\u00f3w, cz\u0119sto utrudnionym z powodu ich st\u0142oczenia. Leczenie ortodontyczne mo\u017ce by\u0107 przeprowadzane w okresie uz\u0119bienia mlecznego, mieszanego i sta\u0142ego, czyli u\u00a0<strong><em>dzieci, m\u0142odzie\u017cy i doros\u0142ych<\/em><\/strong>. Leczenie doros\u0142ych ma nie tylko na celu popraw\u0119 estetyki z\u0119b\u00f3w, lecz cz\u0119sto jest przygotowaniem do leczenia protetycznego, chirurgicznego czy implantologicznego.<\/p>\n<p>&nbsp;<\/p>\n<p><strong>Przebieg leczenia polega na<\/strong>:<\/p>\n<p>&#8211;\u00a0\u00a0konsultacjach ortodontycznych, wykonaniu bada\u0144 diagnostycznych (modele gipsowe, zdj\u0119cia rtg: panoramiczne, cefalometryczne &#8211; wed\u0142ug wskaza\u0144)<\/p>\n<p>&#8211;\u00a0\u00a0skierowaniu do leczenia pr\u00f3chnicy, wzgl\u0119dnie leczenia chirurgicznego w celu\u00a0\u00a0przygotowania do leczenia aparatem ortodontycznym<\/p>\n<p>&#8211;\u00a0\u00a0ustaleniu planu leczenia ortodontycznego (typ aparatu, przewidywalna d\u0142ugo\u015b\u0107 leczenia)<\/p>\n<p>&#8211;\u00a0\u00a0za\u0142o\u017cenie aparatu ortodontycznego<\/p>\n<p>&#8211;\u00a0\u00a0przekazanie pacjentowi zasad post\u0119powania z aparatem, higieny jamy ustnej podczas leczenia ortodontycznego<\/p>\n<p>&#8211;\u00a0\u00a0odbyciu regularnych wizyt kontrolnych, odbywaj\u0105cych si\u0119 przewa\u017cnie co miesi\u0105c<\/p>\n<p>&#8211;\u00a0\u00a0zdj\u0119ciu aparatu ortodontycznego po zako\u0144czonym leczeniu<\/p>\n<p>&#8211;\u00a0\u00a0utrzymaniu efekt\u00f3w leczenia poprzez przeciwdzia\u0142anie nawrotowi wady (p\u0142ytki retencyjne, retainery)<\/p>\n","protected":false},"excerpt":{"rendered":"<p>Pi\u0119kny u\u015bmiech jest marzeniem\u00a0ka\u017cdego z nas. NOWO\u015a\u0106 http:\/\/www.clearaligner.pl\/ Ortodoncja ma na celu przywr\u00f3cenie prawid\u0142owego zgryzu, czynno\u015bci mi\u0119\u015bni i staw\u00f3w w [&hellip;]<\/p>\n","protected":false},"author":2,"featured_media":0,"parent":9,"menu_order":0,"comment_status":"closed","ping_status":"closed","template":"","meta":{"footnotes":""},"class_list":["post-75","page","type-page","status-publish","hentry"],"_links":{"self":[{"href":"https:\/\/bogielczykstomatologia.pl\/index.php?rest_route=\/wp\/v2\/pages\/75","targetHints":{"allow":["GET"]}}],"collection":[{"href":"https:\/\/bogielczykstomatologia.pl\/index.php?rest_route=\/wp\/v2\/pages"}],"about":[{"href":"https:\/\/bogielczykstomatologia.pl\/index.php?rest_route=\/wp\/v2\/types\/page"}],"author":[{"embeddable":true,"href":"https:\/\/bogielczykstomatologia.pl\/index.php?rest_route=\/wp\/v2\/users\/2"}],"replies":[{"embeddable":true,"href":"https:\/\/bogielczykstomatologia.pl\/index.php?rest_route=%2Fwp%2Fv2%2Fcomments&post=75"}],"version-history":[{"count":2,"href":"https:\/\/bogielczykstomatologia.pl\/index.php?rest_route=\/wp\/v2\/pages\/75\/revisions"}],"predecessor-version":[{"id":219,"href":"https:\/\/bogielczykstomatologia.pl\/index.php?rest_route=\/wp\/v2\/pages\/75\/revisions\/219"}],"up":[{"embeddable":true,"href":"https:\/\/bogielczykstomatologia.pl\/index.php?rest_route=\/wp\/v2\/pages\/9"}],"wp:attachment":[{"href":"https:\/\/bogielczykstomatologia.pl\/index.php?rest_route=%2Fwp%2Fv2%2Fmedia&parent=75"}],"curies":[{"name":"wp","href":"https:\/\/api.w.org\/{rel}","templated":true}]}}