{"id":77,"date":"2014-07-17T15:29:20","date_gmt":"2014-07-17T13:29:20","guid":{"rendered":"http:\/\/bogielczyk.sight.com.pl\/?page_id=77"},"modified":"2026-03-12T11:37:53","modified_gmt":"2026-03-12T10:37:53","slug":"periodontologia","status":"publish","type":"page","link":"https:\/\/bogielczykstomatologia.pl\/?page_id=77","title":{"rendered":"Periodontologia"},"content":{"rendered":"<p style=\"text-align: justify;\"><span style=\"color: #666666;\">Dzia\u0142 stomatologii zajmuj\u0105cy si\u0119 leczeniem chor\u00f3b przyz\u0119bia. Jako jedni z nielicznych zajmujemy si\u0119 chirurgicznym leczeniem paradontozy. W naszym leczeniu wykorzystujemy Emdogain firmy STRAUMANN- preparat o naukowo potwierdzonej skuteczno\u015bci.<\/span><\/p>\n<p style=\"text-align: justify;\"><a href=\"https:\/\/bogielczykstomatologia.pl\/wp-content\/uploads\/2014\/07\/1349384726142.jpg\"><img decoding=\"async\" class=\"alignnone wp-image-207 size-thumbnail\" src=\"https:\/\/bogielczykstomatologia.pl\/wp-content\/uploads\/2014\/07\/1349384726142-150x150.jpg\" alt=\"1349384726142\" width=\"150\" height=\"150\" srcset=\"https:\/\/bogielczykstomatologia.pl\/wp-content\/uploads\/2014\/07\/1349384726142-150x150.jpg 150w, https:\/\/bogielczykstomatologia.pl\/wp-content\/uploads\/2014\/07\/1349384726142.jpg 202w\" sizes=\"(max-width: 150px) 100vw, 150px\" \/><\/a>\u00a0<a href=\"https:\/\/bogielczykstomatologia.pl\/wp-content\/uploads\/2014\/07\/1349384770189.jpg\"><img decoding=\"async\" class=\"alignnone wp-image-208 size-thumbnail\" src=\"https:\/\/bogielczykstomatologia.pl\/wp-content\/uploads\/2014\/07\/1349384770189-150x150.jpg\" alt=\"1349384770189\" width=\"150\" height=\"150\" srcset=\"https:\/\/bogielczykstomatologia.pl\/wp-content\/uploads\/2014\/07\/1349384770189-150x150.jpg 150w, https:\/\/bogielczykstomatologia.pl\/wp-content\/uploads\/2014\/07\/1349384770189.jpg 202w\" sizes=\"(max-width: 150px) 100vw, 150px\" \/><\/a>\u00a0<a href=\"https:\/\/bogielczykstomatologia.pl\/wp-content\/uploads\/2014\/07\/1349384824424.jpg\"><img decoding=\"async\" class=\"alignnone wp-image-209 size-thumbnail\" src=\"https:\/\/bogielczykstomatologia.pl\/wp-content\/uploads\/2014\/07\/1349384824424-150x150.jpg\" alt=\"1349384824424\" width=\"150\" height=\"150\" srcset=\"https:\/\/bogielczykstomatologia.pl\/wp-content\/uploads\/2014\/07\/1349384824424-150x150.jpg 150w, https:\/\/bogielczykstomatologia.pl\/wp-content\/uploads\/2014\/07\/1349384824424.jpg 202w\" sizes=\"(max-width: 150px) 100vw, 150px\" \/><\/a><\/p>\n<p style=\"text-align: justify;\">\n<p style=\"text-align: justify;\"><a href=\"https:\/\/bogielczykstomatologia.pl\/wp-content\/uploads\/2014\/07\/1349386179698.jpg\"><img loading=\"lazy\" decoding=\"async\" class=\"alignnone wp-image-211 size-thumbnail\" src=\"https:\/\/bogielczykstomatologia.pl\/wp-content\/uploads\/2014\/07\/1349386179698-150x150.jpg\" alt=\"1349386179698\" width=\"150\" height=\"150\" \/><\/a>\u00a0<a href=\"https:\/\/bogielczykstomatologia.pl\/wp-content\/uploads\/2014\/07\/1349386155948.jpg\"><img loading=\"lazy\" decoding=\"async\" class=\"alignnone wp-image-210 size-thumbnail\" src=\"https:\/\/bogielczykstomatologia.pl\/wp-content\/uploads\/2014\/07\/1349386155948-150x150.jpg\" alt=\"1349386155948\" width=\"150\" height=\"150\" \/><\/a><\/p>\n<p style=\"text-align: justify;\">\n","protected":false},"excerpt":{"rendered":"<p>Dzia\u0142 stomatologii zajmuj\u0105cy si\u0119 leczeniem chor\u00f3b przyz\u0119bia. Jako jedni z nielicznych zajmujemy si\u0119 chirurgicznym leczeniem paradontozy. W naszym leczeniu wykorzystujemy [&hellip;]<\/p>\n","protected":false},"author":2,"featured_media":0,"parent":9,"menu_order":0,"comment_status":"closed","ping_status":"open","template":"","meta":{"footnotes":""},"class_list":["post-77","page","type-page","status-publish","hentry"],"_links":{"self":[{"href":"https:\/\/bogielczykstomatologia.pl\/index.php?rest_route=\/wp\/v2\/pages\/77","targetHints":{"allow":["GET"]}}],"collection":[{"href":"https:\/\/bogielczykstomatologia.pl\/index.php?rest_route=\/wp\/v2\/pages"}],"about":[{"href":"https:\/\/bogielczykstomatologia.pl\/index.php?rest_route=\/wp\/v2\/types\/page"}],"author":[{"embeddable":true,"href":"https:\/\/bogielczykstomatologia.pl\/index.php?rest_route=\/wp\/v2\/users\/2"}],"replies":[{"embeddable":true,"href":"https:\/\/bogielczykstomatologia.pl\/index.php?rest_route=%2Fwp%2Fv2%2Fcomments&post=77"}],"version-history":[{"count":3,"href":"https:\/\/bogielczykstomatologia.pl\/index.php?rest_route=\/wp\/v2\/pages\/77\/revisions"}],"predecessor-version":[{"id":212,"href":"https:\/\/bogielczykstomatologia.pl\/index.php?rest_route=\/wp\/v2\/pages\/77\/revisions\/212"}],"up":[{"embeddable":true,"href":"https:\/\/bogielczykstomatologia.pl\/index.php?rest_route=\/wp\/v2\/pages\/9"}],"wp:attachment":[{"href":"https:\/\/bogielczykstomatologia.pl\/index.php?rest_route=%2Fwp%2Fv2%2Fmedia&parent=77"}],"curies":[{"name":"wp","href":"https:\/\/api.w.org\/{rel}","templated":true}]}}