{"id":79,"date":"2014-07-17T15:40:16","date_gmt":"2014-07-17T13:40:16","guid":{"rendered":"http:\/\/bogielczyk.sight.com.pl\/?page_id=79"},"modified":"2026-03-12T11:37:53","modified_gmt":"2026-03-12T10:37:53","slug":"botoks","status":"publish","type":"page","link":"https:\/\/bogielczykstomatologia.pl\/?page_id=79","title":{"rendered":"Toksyna botulinowa"},"content":{"rendered":"<p style=\"text-align: justify;\"><span style=\"color: #666666;\">Zabiegi z zastosowaniem toksyny botulinowej s\u0105 adresowane do os\u00f3b miedzy 24- 40 rokiem \u017cycia. Zabieg polega na czasowym parali\u017cu wybranych mi\u0119\u015bni twarzy, co powoduje wyg\u0142adzenie zmarszczek . Wizyta trwa ok. 20 min., jest praktycznie bezbolesna a wynik leczenia utrzymuje si\u0119 ok. 5-8 miesi\u0119cy. Nie jest prawd\u0105, \u017ce decyduj\u0105c si\u0119 na zabieg b\u0119dziemy musieli powtarza\u0107 go w niesko\u0144czono\u015b\u0107. Naj\u0142atwiej por\u00f3wna\u0107 dzia\u0142anie botoksu z efektem opalenizny. Sami decydujemy kiedy powt\u00f3rzy\u0107 kuracje.<\/span><\/p>\n","protected":false},"excerpt":{"rendered":"<p>Zabiegi z zastosowaniem toksyny botulinowej s\u0105 adresowane do os\u00f3b miedzy 24- 40 rokiem \u017cycia. Zabieg polega na czasowym parali\u017cu wybranych [&hellip;]<\/p>\n","protected":false},"author":2,"featured_media":0,"parent":11,"menu_order":0,"comment_status":"closed","ping_status":"open","template":"","meta":{"footnotes":""},"class_list":["post-79","page","type-page","status-publish","hentry"],"_links":{"self":[{"href":"https:\/\/bogielczykstomatologia.pl\/index.php?rest_route=\/wp\/v2\/pages\/79","targetHints":{"allow":["GET"]}}],"collection":[{"href":"https:\/\/bogielczykstomatologia.pl\/index.php?rest_route=\/wp\/v2\/pages"}],"about":[{"href":"https:\/\/bogielczykstomatologia.pl\/index.php?rest_route=\/wp\/v2\/types\/page"}],"author":[{"embeddable":true,"href":"https:\/\/bogielczykstomatologia.pl\/index.php?rest_route=\/wp\/v2\/users\/2"}],"replies":[{"embeddable":true,"href":"https:\/\/bogielczykstomatologia.pl\/index.php?rest_route=%2Fwp%2Fv2%2Fcomments&post=79"}],"version-history":[{"count":2,"href":"https:\/\/bogielczykstomatologia.pl\/index.php?rest_route=\/wp\/v2\/pages\/79\/revisions"}],"predecessor-version":[{"id":307,"href":"https:\/\/bogielczykstomatologia.pl\/index.php?rest_route=\/wp\/v2\/pages\/79\/revisions\/307"}],"up":[{"embeddable":true,"href":"https:\/\/bogielczykstomatologia.pl\/index.php?rest_route=\/wp\/v2\/pages\/11"}],"wp:attachment":[{"href":"https:\/\/bogielczykstomatologia.pl\/index.php?rest_route=%2Fwp%2Fv2%2Fmedia&parent=79"}],"curies":[{"name":"wp","href":"https:\/\/api.w.org\/{rel}","templated":true}]}}