{"id":81,"date":"2014-07-17T15:41:40","date_gmt":"2014-07-17T13:41:40","guid":{"rendered":"http:\/\/bogielczyk.sight.com.pl\/?page_id=81"},"modified":"2026-03-12T11:37:53","modified_gmt":"2026-03-12T10:37:53","slug":"wypelniacze","status":"publish","type":"page","link":"https:\/\/bogielczykstomatologia.pl\/?page_id=81","title":{"rendered":"Wype\u0142niacze"},"content":{"rendered":"<p style=\"text-align: justify;\"><span style=\"color: #666666;\">kwas hialuronowy &#8211; znajduj\u0105 zastosowanie g\u0142\u00f3wnie w wype\u0142nianiu zmarszczek, powi\u0119kszaniu oraz poprawianiu konturu ust oraz modelowaniu twarzy. W zabiegach wykorzystuje si\u0119 syntetyczny, odpowiednio stabilizowany kwas hialuronowy, wype\u0142niaj\u0105cy zmarszczk\u0119 i utrzymuj\u0105cy si\u0119 w niej przez d\u0142ugi czas, poniewa\u017c nie ulega szybkiemu rozpadowi. Substancja wi\u0105\u017ce wod\u0119, chroni przed wysuszeniem, wyg\u0142adza nask\u00f3rek i wspiera w\u0142a\u015bciwo\u015bci ochronne sk\u00f3ry. Substancja jest ca\u0142kowicie bezpieczna, poniewa\u017c stanowi naturalny sk\u0142adnik ludzkiej sk\u00f3ry.<\/span><\/p>\n","protected":false},"excerpt":{"rendered":"<p>kwas hialuronowy &#8211; znajduj\u0105 zastosowanie g\u0142\u00f3wnie w wype\u0142nianiu zmarszczek, powi\u0119kszaniu oraz poprawianiu konturu ust oraz modelowaniu twarzy. W zabiegach wykorzystuje [&hellip;]<\/p>\n","protected":false},"author":2,"featured_media":0,"parent":11,"menu_order":0,"comment_status":"closed","ping_status":"open","template":"","meta":{"footnotes":""},"class_list":["post-81","page","type-page","status-publish","hentry"],"_links":{"self":[{"href":"https:\/\/bogielczykstomatologia.pl\/index.php?rest_route=\/wp\/v2\/pages\/81","targetHints":{"allow":["GET"]}}],"collection":[{"href":"https:\/\/bogielczykstomatologia.pl\/index.php?rest_route=\/wp\/v2\/pages"}],"about":[{"href":"https:\/\/bogielczykstomatologia.pl\/index.php?rest_route=\/wp\/v2\/types\/page"}],"author":[{"embeddable":true,"href":"https:\/\/bogielczykstomatologia.pl\/index.php?rest_route=\/wp\/v2\/users\/2"}],"replies":[{"embeddable":true,"href":"https:\/\/bogielczykstomatologia.pl\/index.php?rest_route=%2Fwp%2Fv2%2Fcomments&post=81"}],"version-history":[{"count":2,"href":"https:\/\/bogielczykstomatologia.pl\/index.php?rest_route=\/wp\/v2\/pages\/81\/revisions"}],"predecessor-version":[{"id":141,"href":"https:\/\/bogielczykstomatologia.pl\/index.php?rest_route=\/wp\/v2\/pages\/81\/revisions\/141"}],"up":[{"embeddable":true,"href":"https:\/\/bogielczykstomatologia.pl\/index.php?rest_route=\/wp\/v2\/pages\/11"}],"wp:attachment":[{"href":"https:\/\/bogielczykstomatologia.pl\/index.php?rest_route=%2Fwp%2Fv2%2Fmedia&parent=81"}],"curies":[{"name":"wp","href":"https:\/\/api.w.org\/{rel}","templated":true}]}}